{"id":2578,"date":"2026-03-02T16:32:45","date_gmt":"2026-03-02T15:32:45","guid":{"rendered":"https:\/\/the-signaturecollection.com\/?page_id=2578"},"modified":"2026-03-15T14:39:06","modified_gmt":"2026-03-15T13:39:06","slug":"politique-de-cookies","status":"publish","type":"page","link":"https:\/\/the-signaturecollection.com\/eng\/politique-de-cookies\/","title":{"rendered":"Cookie policy"},"content":{"rendered":"<div data-elementor-type=\"wp-page\" data-elementor-id=\"2578\" class=\"elementor elementor-2578\" data-elementor-post-type=\"page\">\n\t\t\t\t<div class=\"elementor-element elementor-element-05f6119 e-flex e-con-boxed e-con e-parent\" data-id=\"05f6119\" data-element_type=\"container\" data-e-type=\"container\" data-settings=\"{&quot;background_background&quot;:&quot;classic&quot;}\">\n\t\t\t\t\t<div class=\"e-con-inner\">\n\t\t<div class=\"elementor-element elementor-element-0a83ac9 e-con-full e-flex e-con e-child\" data-id=\"0a83ac9\" data-element_type=\"container\" data-e-type=\"container\">\n\t\t\t\t<div class=\"elementor-element elementor-element-f700f76  ui-split-animate ui-splitby-lines elementor-widget elementor-widget-heading\" data-id=\"f700f76\" data-element_type=\"widget\" data-e-type=\"widget\" data-settings=\"{&quot;ui_animate_split&quot;:&quot;ui-split-animate&quot;,&quot;ui_animate_split_by&quot;:&quot;lines&quot;,&quot;ui_animate_split_style&quot;:&quot;fadeInUp blur&quot;}\" data-widget_type=\"heading.default\">\n\t\t\t\t\t<h1 class=\"elementor-heading-title elementor-size-default\">COOKIE POLICY<\/h1>\t\t\t\t<\/div>\n\t\t\t\t<\/div>\n\t\t\t\t\t<\/div>\n\t\t\t\t<\/div>\n\t\t<div class=\"elementor-element elementor-element-3d1a880 e-flex e-con-boxed e-con e-parent\" data-id=\"3d1a880\" data-element_type=\"container\" data-e-type=\"container\">\n\t\t\t\t\t<div class=\"e-con-inner\">\n\t\t\t\t<div class=\"elementor-element elementor-element-1789089 elementor-widget elementor-widget-spacer\" data-id=\"1789089\" data-element_type=\"widget\" data-e-type=\"widget\" data-widget_type=\"spacer.default\">\n\t\t\t\t\t\t\t<div class=\"elementor-spacer\">\n\t\t\t<div class=\"elementor-spacer-inner\"><\/div>\n\t\t<\/div>\n\t\t\t\t\t\t<\/div>\n\t\t\t\t<div class=\"elementor-element elementor-element-317888e elementor-widget elementor-widget-text-editor\" data-id=\"317888e\" data-element_type=\"widget\" data-e-type=\"widget\" data-widget_type=\"text-editor.default\">\n\t\t\t\t\t\t\t\t\t<p><span style=\"color: #000000;\"><strong>The Signature Collection<\/strong><\/span><br><span style=\"color: #000000;\"><em>Last update: February 24, 2026<\/em><\/span><\/p>\n<p><span style=\"color: #000000;\">Le site <strong>The Signature Collection<\/strong> uses cookies to improve the user experience and analyze site traffic.<\/span><\/p>\n<p><span style=\"color: #000000;\">The purpose of this policy is to provide a transparent explanation of how and why cookies are used.<\/span><\/p>\n<h3><span style=\"color: #000000;\">1. What is a cookie?<\/span><\/h3>\n<p><span style=\"color: #000000;\">A cookie is a small text file stored on your device (computer, tablet or smartphone) when you visit a website.<\/span><\/p>\n<p><span style=\"color: #000000;\">In particular, it allows you to :<\/span><\/p>\n<ul>\n<li>\n<p><span style=\"color: #000000;\">User recognition<\/span><\/p>\n<\/li>\n<li>\n<p><span style=\"color: #000000;\">Memorize certain information<\/span><\/p>\n<\/li>\n<li>\n<p><span style=\"color: #000000;\">Analyze site usage and performance<\/span><\/p>\n<\/li>\n<\/ul>\n<h3><span style=\"color: #000000;\">2. Which cookies do we use?<\/span><\/h3>\n<h4><span style=\"color: #000000;\">Strictly necessary cookies<\/span><\/h4>\n<p><span style=\"color: #000000;\">These cookies are essential to the operation of the site and <strong>do not require your consent<\/strong>.<\/span><\/p>\n<p><span style=\"color: #000000;\">In particular, they enable :<\/span><\/p>\n<ul>\n<li>\n<p><span style=\"color: #000000;\">Site navigation<\/span><\/p>\n<\/li>\n<li>\n<p><span style=\"color: #000000;\">Good technical operation<\/span><\/p>\n<\/li>\n<li>\n<p><span style=\"color: #000000;\">Cookie consent management<\/span><\/p>\n<\/li>\n<\/ul>\n<p><span style=\"color: #000000;\">Without these cookies, certain essential functions of the site would not function properly.<\/span><\/p>\n<h4><span style=\"color: #000000;\">Analytical cookies (audience measurement)<\/span><\/h4>\n<p><span style=\"color: #000000;\">These cookies enable us to understand how visitors use the site in order to improve our services and the user experience.<\/span><\/p>\n<p><span style=\"color: #000000;\">In particular, they measure :<\/span><\/p>\n<ul>\n<li>\n<p><span style=\"color: #000000;\">Site traffic<\/span><\/p>\n<\/li>\n<li>\n<p><span style=\"color: #000000;\">Viewed pages<\/span><\/p>\n<\/li>\n<li>\n<p><span style=\"color: #000000;\">Browsing behavior<\/span><\/p>\n<\/li>\n<li>\n<p><span style=\"color: #000000;\">Overall site performance<\/span><\/p>\n<\/li>\n<\/ul>\n<p><span style=\"color: #000000;\"><strong>Tool used: Google Analytics (provided by Google).<\/strong><\/span><\/p>\n<p><span style=\"color: #000000;\">The data collected is anonymized as far as possible.<\/span><\/p>\n<p><span style=\"color: #000000;\">These cookies are <strong>subject to your prior consent<\/strong>.<\/span><\/p>\n<h4 style=\"font-family: var(--uicore-typography--h4-f,&quot;Inter&quot;); font-size: var(--uicore-typography--h4-s,&quot;10px&quot;); font-style: normal; font-weight: var(--uicore-typography--h4-w,&quot;600&quot;); letter-spacing: var(--uicore-typography--h4-ls,&quot;-0.027em&quot;); line-height: var(--uicore-typography--h4-h,&quot;1.2&quot;); text-transform: none;\"><span style=\"color: rgb(0, 0, 0);\">Internal performance measurement cookies<\/span><\/h4>\n<p><span style=\"color: #000000;\">The site also uses an internal performance tracking system to measure interactions with certain elements of the site, in particular :<\/span><\/p>\n<ul>\n<li>\n<p><span style=\"color: #000000;\">Clicks on action buttons (CTA)<\/span><\/p>\n<\/li>\n<li>\n<p><span style=\"color: #000000;\">Interaction with certain content<\/span><\/p>\n<\/li>\n<\/ul>\n<p><span style=\"color: #000000;\">This data is used solely for internal statistical purposes in order to improve our services.<\/span><\/p>\n<p><span style=\"color: #000000;\">They are not used for advertising or profiling purposes.<\/span><\/p>\n<h3><span style=\"color: #000000;\">3. No advertising cookies<\/span><\/h3>\n<p><span style=\"color: #000000;\">Le site <strong>The Signature Collection<\/strong> uses :<\/span><\/p>\n<ul>\n<li>\n<p><span style=\"color: #000000;\">No advertising cookies<\/span><\/p>\n<\/li>\n<li>\n<p><span style=\"color: #000000;\">No retargeting cookies<\/span><\/p>\n<\/li>\n<li>\n<p><span style=\"color: #000000;\">No marketing tracking tools<\/span><\/p>\n<\/li>\n<\/ul>\n<p><span style=\"color: #000000;\">Your browsing information is not used for any commercial purpose.<\/span><\/p>\n<h3><span style=\"color: #000000;\">4. Cookie management<\/span><\/h3>\n<p><span style=\"color: #000000;\">On your first visit to the site, an information banner informs you of the use of cookies and allows you to :<\/span><\/p>\n<ul>\n<li>\n<p><span style=\"color: #000000;\">Accept all cookies<\/span><\/p>\n<\/li>\n<li>\n<p><span style=\"color: #000000;\">Refuse non-essential cookies<\/span><\/p>\n<\/li>\n<li>\n<p><span style=\"color: #000000;\">Customize your choices<\/span><\/p>\n<\/li>\n<\/ul>\n<p><span style=\"color: #000000;\">You can change your preferences at any time.<\/span><\/p>\n<p><span style=\"color: #000000;\">You can also configure your browser to block some or all cookies.<\/span><\/p>\n<h3><span style=\"color: #000000;\">5. Shelf life<\/span><\/h3>\n<p><span style=\"color: #000000;\">Cookies are stored for a maximum period of <strong>13 months<\/strong>, in accordance with applicable regulations.<\/span><\/p>\n<h3><span style=\"color: #000000;\">6. Data controller<\/span><\/h3>\n<p>If you have any questions about this policy :<\/p>\n<p><strong>THE SIGNATURE COLLECTION<\/strong><br>90 All\u00e9e Muirfield<br>83700 Saint-Rapha\u00ebl<br>Email : <a href=\"mailto:contact@the-signaturecollection.com\">contact@the-signaturecollection.com<\/a><\/p>\t\t\t\t\t\t\t\t<\/div>\n\t\t\t\t\t<\/div>\n\t\t\t\t<\/div>\n\t\t\t\t<\/div>","protected":false},"excerpt":{"rendered":"<p>POLITIQUE DE COOKIES The Signature CollectionDerni\u00e8re mise \u00e0 jour : 24 f\u00e9vrier 2026 Le site The Signature Collection utilise des cookies afin [&hellip;]<\/p>\n","protected":false},"author":1,"featured_media":4191,"parent":0,"menu_order":0,"comment_status":"closed","ping_status":"closed","template":"","meta":{"_acf_changed":false,"footnotes":""},"class_list":["post-2578","page","type-page","status-publish","has-post-thumbnail","hentry"],"acf":[],"_links":{"self":[{"href":"https:\/\/the-signaturecollection.com\/eng\/wp-json\/wp\/v2\/pages\/2578","targetHints":{"allow":["GET"]}}],"collection":[{"href":"https:\/\/the-signaturecollection.com\/eng\/wp-json\/wp\/v2\/pages"}],"about":[{"href":"https:\/\/the-signaturecollection.com\/eng\/wp-json\/wp\/v2\/types\/page"}],"author":[{"embeddable":true,"href":"https:\/\/the-signaturecollection.com\/eng\/wp-json\/wp\/v2\/users\/1"}],"replies":[{"embeddable":true,"href":"https:\/\/the-signaturecollection.com\/eng\/wp-json\/wp\/v2\/comments?post=2578"}],"version-history":[{"count":16,"href":"https:\/\/the-signaturecollection.com\/eng\/wp-json\/wp\/v2\/pages\/2578\/revisions"}],"predecessor-version":[{"id":5289,"href":"https:\/\/the-signaturecollection.com\/eng\/wp-json\/wp\/v2\/pages\/2578\/revisions\/5289"}],"wp:featuredmedia":[{"embeddable":true,"href":"https:\/\/the-signaturecollection.com\/eng\/wp-json\/wp\/v2\/media\/4191"}],"wp:attachment":[{"href":"https:\/\/the-signaturecollection.com\/eng\/wp-json\/wp\/v2\/media?parent=2578"}],"curies":[{"name":"wp","href":"https:\/\/api.w.org\/{rel}","templated":true}]}}