{"id":2568,"date":"2026-03-02T16:19:51","date_gmt":"2026-03-02T15:19:51","guid":{"rendered":"https:\/\/the-signaturecollection.com\/?page_id=2568"},"modified":"2026-03-15T14:38:03","modified_gmt":"2026-03-15T13:38:03","slug":"politique-de-confidentialite-rgpd-2","status":"publish","type":"page","link":"https:\/\/the-signaturecollection.com\/eng\/politique-de-confidentialite-rgpd-2\/","title":{"rendered":"Privacy policy (RGPD)"},"content":{"rendered":"<div data-elementor-type=\"wp-page\" data-elementor-id=\"2568\" class=\"elementor elementor-2568\" data-elementor-post-type=\"page\">\n\t\t\t\t<div class=\"elementor-element elementor-element-05f6119 e-flex e-con-boxed e-con e-parent\" data-id=\"05f6119\" data-element_type=\"container\" data-e-type=\"container\" data-settings=\"{&quot;background_background&quot;:&quot;classic&quot;}\">\n\t\t\t\t\t<div class=\"e-con-inner\">\n\t\t<div class=\"elementor-element elementor-element-0a83ac9 e-con-full e-flex e-con e-child\" data-id=\"0a83ac9\" data-element_type=\"container\" data-e-type=\"container\">\n\t\t\t\t<div class=\"elementor-element elementor-element-f700f76  ui-split-animate ui-splitby-lines elementor-widget elementor-widget-heading\" data-id=\"f700f76\" data-element_type=\"widget\" data-e-type=\"widget\" data-settings=\"{&quot;ui_animate_split&quot;:&quot;ui-split-animate&quot;,&quot;ui_animate_split_by&quot;:&quot;lines&quot;,&quot;ui_animate_split_style&quot;:&quot;fadeInUp blur&quot;}\" data-widget_type=\"heading.default\">\n\t\t\t\t\t<h1 class=\"elementor-heading-title elementor-size-default\">PRIVACY POLICY<\/h1>\t\t\t\t<\/div>\n\t\t\t\t<\/div>\n\t\t\t\t\t<\/div>\n\t\t\t\t<\/div>\n\t\t<div class=\"elementor-element elementor-element-3d1a880 e-flex e-con-boxed e-con e-parent\" data-id=\"3d1a880\" data-element_type=\"container\" data-e-type=\"container\">\n\t\t\t\t\t<div class=\"e-con-inner\">\n\t\t\t\t<div class=\"elementor-element elementor-element-1789089 elementor-widget elementor-widget-spacer\" data-id=\"1789089\" data-element_type=\"widget\" data-e-type=\"widget\" data-widget_type=\"spacer.default\">\n\t\t\t\t\t\t\t<div class=\"elementor-spacer\">\n\t\t\t<div class=\"elementor-spacer-inner\"><\/div>\n\t\t<\/div>\n\t\t\t\t\t\t<\/div>\n\t\t\t\t<div class=\"elementor-element elementor-element-317888e elementor-widget elementor-widget-text-editor\" data-id=\"317888e\" data-element_type=\"widget\" data-e-type=\"widget\" data-widget_type=\"text-editor.default\">\n\t\t\t\t\t\t\t\t\t<p><span style=\"color: #000000;\"><strong>The Signature Collection<\/strong><\/span><br \/><span style=\"color: #000000;\"><em>Last update: February 24, 2026<\/em><\/span><\/p><h3><span style=\"color: #000000;\">1. Data controller<\/span><\/h3><p><span style=\"color: #000000;\">The controller of the personal data collected<\/span> on the <strong>The Signature Collection<\/strong> is :<\/p><p><strong>THE SIGNATURE COLLECTION<\/strong><br \/>90 All\u00e9e Muirfield - Mailbox 22<br \/>83700 Saint-Rapha\u00ebl<br \/>Email : <a href=\"mailto:contact@the-signaturecollection.com\">contact@the-signaturecollection.com<\/a><br \/>SIRET: 100 892 074<\/p><p><span style=\"color: #000000;\">The service provider responsible for the development and maintenance of the site acts solely in the capacity of <strong>subcontractor<\/strong>, in accordance with Article 28 of the RGPD.<\/span><\/p><h3><span style=\"color: #000000;\">2. Collected data<\/span><\/h3><h4><span style=\"color: #000000;\">2.1 Automatically collected data<\/span><\/h4><p><span style=\"color: #000000;\">When you browse the site, certain technical data may be collected:<\/span><\/p><ul><li><p><span style=\"color: #000000;\">Anonymized IP address<\/span><\/p><\/li><li><p><span style=\"color: #000000;\">Browser type and operating system<\/span><\/p><\/li><li><p><span style=\"color: #000000;\">Page views and visit duration<\/span><\/p><\/li><li><p><span style=\"color: #000000;\">Interaction with buttons and calls to action (CTA)<\/span><\/p><\/li><\/ul><p><span style=\"color: #000000;\">This data is used exclusively for statistical purposes and to improve the user experience.<\/span><\/p><h4><span style=\"color: #000000;\">2.2 Data collected via forms<\/span><\/h4><p><span style=\"color: #000000;\">The site offers two types of forms:<\/span><\/p><h4><span style=\"color: #000000;\">B2B hotel form (for professionals only)<\/span><\/h4><p><span style=\"color: #000000;\">The following information may be collected:<\/span><\/p><ul><li><p><span style=\"color: #000000;\">First and last name<\/span><\/p><\/li><li><p><span style=\"color: #000000;\">Email address and phone number<\/span><\/p><\/li><li><p><span style=\"color: #000000;\">Plant information<\/span><\/p><\/li><li><p><span style=\"color: #000000;\">All information provided voluntarily as part of a request for inclusion in the collection<\/span><\/p><\/li><\/ul><h4><span style=\"color: #000000;\">Newsletter subscription<\/span><\/h4><ul><li><p><span style=\"color: #000000;\">Email address only<\/span><\/p><\/li><\/ul><p><span style=\"color: #000000;\">No excessive or irrelevant data is collected.<\/span><\/p><h3><span style=\"color: #000000;\">3. Purpose of processing<\/span><\/h3><p><span style=\"color: #000000;\">Data is collected and used for :<\/span><\/p><ul><li><p><span style=\"color: #000000;\">Respond to and follow up on B2B hotel requests<\/span><\/p><\/li><li><p><span style=\"color: #000000;\">Manage newsletter subscriptions and send information<\/span><\/p><\/li><li><p><span style=\"color: #000000;\">Measure site traffic and performance via Google Analytics and internal tracking<\/span><\/p><\/li><li><p><span style=\"color: #000000;\">Improve site safety and functionality<\/span><\/p><\/li><\/ul><p><span style=\"color: #000000;\">No data is used for commercial profiling.<\/span><\/p><h3><span style=\"color: #000000;\">4. Legal basis for processing<\/span><\/h3><p><span style=\"color: #000000;\">Data processing is based on :<\/span><\/p><ul><li><p><span style=\"color: #000000;\">Visit <strong>user consent<\/strong> (newsletter and analytical cookies)<\/span><\/p><\/li><li><p><span style=\"color: #000000;\">L\u2019<strong>legitimate interest of the controller<\/strong> (security, proper operation of the site and improvement of services)<\/span><\/p><\/li><\/ul><h3><span style=\"color: #000000;\">5. Data recipients<\/span><\/h3><p><span style=\"color: #000000;\">Personal data can only be accessed by :<\/span><\/p><ul><li><p><span style=\"color: #000000;\">The authorized in-house team at The Signature Collection<\/span><\/p><\/li><li><p><span style=\"color: #000000;\">The technical service provider in charge of hosting and maintenance<\/span><\/p><\/li><li><p><span style=\"color: #000000;\">Google Analytics, for statistical purposes<\/span><\/p><\/li><\/ul><p><span style=\"color: #000000;\">No data is transferred, sold or marketed.<\/span><\/p><h3><span style=\"color: #000000;\">6. Shelf life<\/span><\/h3><p><span style=\"color: #000000;\">Data is kept for a limited period of time, proportionate to the purposes for which it is to be used:<\/span><\/p><ul><li><p><span style=\"color: #000000;\"><strong>B2B hotel form<\/strong> 3 years after last interaction<\/span><\/p><\/li><li><p><span style=\"color: #000000;\"><strong>Newsletter<\/strong> until unsubscribed<\/span><\/p><\/li><li><p><span style=\"color: #000000;\"><strong>Technical navigation data<\/strong> 13 months maximum<\/span><\/p><\/li><\/ul><h3><span style=\"color: #000000;\">7. Data security<\/span><\/h3><p><span style=\"color: #000000;\">Appropriate technical and organizational measures are implemented to ensure the protection of personal data:<\/span><\/p><ul><li><p><span style=\"color: #000000;\">Restricted data access<\/span><\/p><\/li><li><p><span style=\"color: #000000;\">SSL encryption for data transmission<\/span><\/p><\/li><li><p><span style=\"color: #000000;\">Protection against unauthorized access, modification or disclosure<\/span><\/p><\/li><\/ul><h3><span style=\"color: #000000;\">8. User rights<\/span><\/h3><p><span style=\"color: #000000;\">In accordance with the General Data Protection Regulation (GDPR), you have the following rights:<\/span><\/p><ul><li><p><span style=\"color: #000000;\">Right of access<\/span><\/p><\/li><li><p><span style=\"color: #000000;\">Right of rectification<\/span><\/p><\/li><li><p><span style=\"color: #000000;\">Right to erasure<\/span><\/p><\/li><li><p><span style=\"color: #000000;\">Right to restrict processing<\/span><\/p><\/li><li><p><span style=\"color: #000000;\">Right to object<\/span><\/p><\/li><li><p><span style=\"color: #000000;\">Right to portability<\/span><\/p><\/li><li><p><span style=\"color: #000000;\">Right to withdraw your consent at any time<\/span><\/p><\/li><\/ul><p>You can exercise your rights by sending your request to :<br \/><strong><a href=\"mailto:contact@the-signaturecollection.com\">contact@the-signaturecollection.com<\/a><\/strong><\/p><p>Visit <span style=\"color: #000000;\">In the event of a dispute, you can refer the matter to the <strong>CNIL<\/strong> or the competent supervisory authority.<\/span><\/p><h3><span style=\"color: #000000;\">9. Policy update<\/span><\/h3><p><span style=\"color: #000000;\">This privacy policy<\/span>t can be modified at any time to comply with current regulations.<\/p><p>The latest version is always available on the website.<\/p>\t\t\t\t\t\t\t\t<\/div>\n\t\t\t\t\t<\/div>\n\t\t\t\t<\/div>\n\t\t\t\t<\/div>","protected":false},"excerpt":{"rendered":"<p>POLITIQUE DE CONFIDENTIALIT\u00c9 The Signature CollectionDerni\u00e8re mise \u00e0 jour : 24 f\u00e9vrier 2026 1. Responsable du traitement Le responsable du traitement des [&hellip;]<\/p>\n","protected":false},"author":1,"featured_media":4243,"parent":0,"menu_order":0,"comment_status":"closed","ping_status":"closed","template":"","meta":{"_acf_changed":false,"footnotes":""},"class_list":["post-2568","page","type-page","status-publish","has-post-thumbnail","hentry"],"acf":[],"_links":{"self":[{"href":"https:\/\/the-signaturecollection.com\/eng\/wp-json\/wp\/v2\/pages\/2568","targetHints":{"allow":["GET"]}}],"collection":[{"href":"https:\/\/the-signaturecollection.com\/eng\/wp-json\/wp\/v2\/pages"}],"about":[{"href":"https:\/\/the-signaturecollection.com\/eng\/wp-json\/wp\/v2\/types\/page"}],"author":[{"embeddable":true,"href":"https:\/\/the-signaturecollection.com\/eng\/wp-json\/wp\/v2\/users\/1"}],"replies":[{"embeddable":true,"href":"https:\/\/the-signaturecollection.com\/eng\/wp-json\/wp\/v2\/comments?post=2568"}],"version-history":[{"count":19,"href":"https:\/\/the-signaturecollection.com\/eng\/wp-json\/wp\/v2\/pages\/2568\/revisions"}],"predecessor-version":[{"id":5286,"href":"https:\/\/the-signaturecollection.com\/eng\/wp-json\/wp\/v2\/pages\/2568\/revisions\/5286"}],"wp:featuredmedia":[{"embeddable":true,"href":"https:\/\/the-signaturecollection.com\/eng\/wp-json\/wp\/v2\/media\/4243"}],"wp:attachment":[{"href":"https:\/\/the-signaturecollection.com\/eng\/wp-json\/wp\/v2\/media?parent=2568"}],"curies":[{"name":"wp","href":"https:\/\/api.w.org\/{rel}","templated":true}]}}